{"id":1814,"date":"2022-10-25T11:18:30","date_gmt":"2022-10-25T09:18:30","guid":{"rendered":"https:\/\/www.asglatex.com\/informacje-prawne\/"},"modified":"2022-11-23T08:57:51","modified_gmt":"2022-11-23T07:57:51","slug":"legal-information","status":"publish","type":"page","link":"https:\/\/www.asglatex.com\/en\/legal-information\/","title":{"rendered":"Legal information"},"content":{"rendered":"\n[et_pb_section fb_built=&#8221;1&#8243; theme_builder_area=&#8221;post_content&#8221; _builder_version=&#8221;4.17.0&#8243; _module_preset=&#8221;default&#8221; da_is_popup=&#8221;off&#8221; da_exit_intent=&#8221;off&#8221; da_has_close=&#8221;on&#8221; da_alt_close=&#8221;off&#8221; da_dark_close=&#8221;off&#8221; da_not_modal=&#8221;on&#8221; da_is_singular=&#8221;off&#8221; da_with_loader=&#8221;off&#8221; da_has_shadow=&#8221;on&#8221; da_disable_devices=&#8221;off|off|off&#8221;][et_pb_row _builder_version=&#8221;4.17.0&#8243; _module_preset=&#8221;default&#8221; theme_builder_area=&#8221;post_content&#8221; width=&#8221;86%&#8221; max_width=&#8221;1300px&#8221; hover_enabled=&#8221;0&#8243; sticky_enabled=&#8221;0&#8243;][et_pb_column _builder_version=&#8221;4.17.0&#8243; _module_preset=&#8221;default&#8221; type=&#8221;4_4&#8243; theme_builder_area=&#8221;post_content&#8221;][et_pb_text _builder_version=&#8221;4.17.0&#8243; _module_preset=&#8221;default&#8221; theme_builder_area=&#8221;post_content&#8221; _dynamic_attributes=&#8221;content&#8221; hover_enabled=&#8221;0&#8243; sticky_enabled=&#8221;0&#8243;]@ET-DC@eyJkeW5hbWljIjp0cnVlLCJjb250ZW50IjoicG9zdF90aXRsZSIsInNldHRpbmdzIjp7ImJlZm9yZSI6IjxoMT4iLCJhZnRlciI6IjwvaDE+In19@[\/et_pb_text][et_pb_text _builder_version=&#8221;4.17.0&#8243; _module_preset=&#8221;default&#8221; theme_builder_area=&#8221;post_content&#8221; hover_enabled=&#8221;0&#8243; sticky_enabled=&#8221;0&#8243;]<p><strong>Asglatex Ohorn GmbH<\/strong><\/p>\n<p>R\u00f6derstra\u00dfe 15<\/p>\n<p>D-01896 Ohorn<\/p>\n<p>&nbsp;<\/p>\n<p>reprezentowany przez: Dyrektor Zarz\u0105dzaj\u0105cy Piotr G\u00f3rski<\/p>\n<p>&nbsp;<\/p>\n<p>Telefon +49 (0) 35955 &#8211; 859-0<\/p>\n<p>Faks +49 (0) 35955 &#8211; 859-99<\/p>\n<p>&nbsp;<\/p>\n<p>E-Mail:info@asglatex.com<\/p>\n<p>&nbsp;<\/p>\n<p><strong>Wpis do rejestru<\/strong><\/p>\n<p>&nbsp;<\/p>\n<p>Wpis w rejestrze handlowym<\/p>\n<p>S\u0105d rejestrowy: S\u0105d Rejonowy w Dre\u017anie<\/p>\n<p>Numer w rejestrze: HRB nr 6660<\/p>\n<p>&nbsp;<\/p>\n<p>NIP: 213\/105\/00787<\/p>\n<p>NIP: DE 152 441 498<\/p>\n<p>&nbsp;<\/p>\n<p>&nbsp;<\/p>\n<p>Odpowiedzialny za tre\u015b\u0107 zgodnie z \u00a7 55 ust. 2 RStV:<\/p>\n<p>&nbsp;<\/p>\n<p>Dyrektor Zarz\u0105dzaj\u0105cy Piotr G\u00f3rski<\/p>\n<p>&nbsp;<\/p>\n<p><strong>Inspektor ochrony danych:<\/strong><\/p>\n<p>&nbsp;<\/p>\n<p>bsw-beratung, service &amp; training GmbH<\/p>\n<p>Pan Steffen Stiehler<\/p>\n<p>www.bsw-gmbh-online.de<\/p>\n<p>&nbsp;<\/p>\n<p><strong>Rozstrzyganie spor\u00f3w:<\/strong><\/p>\n<p>&nbsp;<\/p>\n<p>Komisja Europejska udost\u0119pnia platform\u0119 do internetowego rozstrzygania spor\u00f3w (OS): https:\/\/ec.europa.eu\/consumers\/odr.<\/p>\n<p>Nasz adres e-mail znajduje si\u0119 powy\u017cej w nadruku.<\/p>\n<p>&nbsp;<\/p>\n<p>Nie jeste\u015bmy sk\u0142onni ani zobowi\u0105zani do uczestniczenia w procedurach rozstrzygania spor\u00f3w przez konsumenck\u0105 rad\u0119 arbitra\u017cow\u0105.<\/p>\n<p>&nbsp;<\/p>\n<p><strong>\u00a0<\/strong><\/p>\n<p><strong>Odpowiedzialno\u015b\u0107 za tre\u015b\u0107:<\/strong><\/p>\n<p>&nbsp;<\/p>\n<p>Jako us\u0142ugodawca jeste\u015bmy odpowiedzialni za w\u0142asne tre\u015bci na tych stronach zgodnie z og\u00f3lnym prawem zgodnie z \u00a7 7 (1) TMG. Zgodnie z \u00a7\u00a7 8 &#8211; 10 TMG<\/p>\n<p>my jako us\u0142ugodawca nie jeste\u015bmy jednak zobowi\u0105zani do monitorowania przekazywanych lub przechowywanych informacji os\u00f3b trzecich ani do badania okoliczno\u015bci<\/p>\n<p>wskazuj\u0105cych na nielegaln\u0105 dzia\u0142alno\u015b\u0107.<\/p>\n<p>&nbsp;<\/p>\n<p>Zobowi\u0105zania do usuni\u0119cia lub zablokowania korzystania z informacji zgodnie z og\u00f3lnymi przepisami pozostaj\u0105 nienaruszone. Odpowiedzialno\u015b\u0107 w tym zakresie jest jednak<\/p>\n<p>mo\u017cliwa dopiero od momentu poznania wiedzy o konkretnym naruszeniu prawa. Gdy tylko dowiemy si\u0119 o jakimkolwiek naruszeniu prawa, natychmiast usuniemy te tre\u015bci.<\/p>\n<p>&nbsp;<\/p>\n<p><strong>Odpowiedzialno\u015b\u0107 za linki:<\/strong><\/p>\n<p>&nbsp;<\/p>\n<p>W przypadku bezpo\u015brednich lub po\u015brednich odniesie\u0144 do stron internetowych os\u00f3b trzecich (&#8220;linki&#8221;), kt\u00f3re le\u017c\u0105 poza obszarem odpowiedzialno\u015bci Asglatex Ohorn GmbH, obowi\u0105zek odpowiedzialno\u015bci wchodzi w \u017cycie tylko wtedy, gdy Asglatex Ohorn GmbH jest \u015bwiadomy tre\u015bci i by\u0142 technicznie w stanie to zrobi\u0107, mo\u017cliwe i uzasadnione by\u0142oby uniemo\u017cliwienie korzystania w przypadku tre\u015bci o charakterze bezprawnym. Dlatego Asglatex Ohorn GmbH wyra\u017anie o\u015bwiadcza, \u017ce \u200b\u200bodpowiednie strony, do kt\u00f3rych prowadz\u0105 linki, by\u0142y wolne od nielegalnych tre\u015bci w momencie tworzenia linku. Asglatex Ohorn GmbH nie ma \u017cadnego wp\u0142ywu na obecny i przysz\u0142y kszta\u0142t oraz tre\u015b\u0107 stron, do kt\u00f3rych prowadz\u0105 linki. Dlatego niniejszym wyra\u017anie dystansuje si\u0119 od wszelkich tre\u015bci na wszystkich powi\u0105zanych \/ powi\u0105zanych stronach, kt\u00f3re zosta\u0142y zmienione po utworzeniu linku. Niniejsze o\u015bwiadczenie dotyczy wszystkich link\u00f3w i odno\u015bnik\u00f3w umieszczonych na naszej w\u0142asnej stronie internetowej, jak r\u00f3wnie\u017c wpis\u00f3w os\u00f3b trzecich w ksi\u0119gach go\u015bci, forach dyskusyjnych i listach mailingowych utworzonych przez Asglatex Ohorn GmbH. Za nielegalne, b\u0142\u0119dne lub niekompletne tre\u015bci, a w szczeg\u00f3lno\u015bci za szkody powsta\u0142e w wyniku wykorzystania lub niewykorzystania takich informacji, odpowiada wy\u0142\u0105cznie dostawca strony, do kt\u00f3rej nast\u0105pi\u0142o odes\u0142anie, a nie osoba, kt\u00f3ra jedynie odsy\u0142a do danej publikacji za po\u015brednictwem link\u00f3w.<\/p>\n<p>&nbsp;<\/p>\n<p><strong>Prawa autorskie:<\/strong><\/p>\n<p>&nbsp;<\/p>\n<p>Asglatex Ohorn GmbH dok\u0142ada wszelkich stara\u0144, aby przestrzega\u0107 praw autorskich do grafik i tekst\u00f3w u\u017cytych we wszystkich publikacjach, wykorzystywa\u0107 stworzone przez siebie grafiki i teksty lub korzysta\u0107 z nielicencjonowanych grafik i tekst\u00f3w. Wszystkie marki i znaki towarowe wymienione na stronie internetowej i ewentualnie chronione przez osoby trzecie podlegaj\u0105 bez ogranicze\u0144 przepisom obowi\u0105zuj\u0105cego prawa o znakach towarowych i prawom w\u0142asno\u015bci odpowiedniego zarejestrowanego w\u0142a\u015bciciela. Nie nale\u017cy wyci\u0105ga\u0107 wniosku, \u017ce znaki towarowe nie s\u0105 chronione prawami os\u00f3b trzecich wy\u0142\u0105cznie na podstawie samej wzmianki! Prawa autorskie do opublikowanych obiekt\u00f3w stworzonych przez Asglatex Ohorn GmbH nale\u017c\u0105 wy\u0142\u0105cznie do Asglatex Ohorn GmbH.<\/p>\n<p>Wa\u017cno\u015b\u0107 prawna niniejszego wy\u0142\u0105czenia odpowiedzialno\u015bci<\/p>\n<p>Niniejsze wy\u0142\u0105czenie odpowiedzialno\u015bci nale\u017cy traktowa\u0107 jako cz\u0119\u015b\u0107 strony internetowej, z kt\u00f3rej dokonano odniesienia do tej strony.<\/p>\n<p>&nbsp;<\/p>[\/et_pb_text][\/et_pb_column][\/et_pb_row][\/et_pb_section]\n","protected":false},"excerpt":{"rendered":"<p>Asglatex Ohorn GmbH R\u00f6derstra\u00dfe 15 D-01896 Ohorn &nbsp; reprezentowany przez: Dyrektor Zarz\u0105dzaj\u0105cy Piotr G\u00f3rski &nbsp; Telefon +49 (0) 35955 &#8211; 859-0 Faks +49 (0) 35955 &#8211; 859-99 &nbsp; E-Mail:info@asglatex.com &nbsp; Wpis do rejestru &nbsp; Wpis w rejestrze handlowym S\u0105d rejestrowy: S\u0105d Rejonowy w Dre\u017anie Numer w rejestrze: HRB nr 6660 &nbsp; NIP: 213\/105\/00787 NIP: DE [&hellip;]<\/p>\n","protected":false},"author":1,"featured_media":0,"parent":0,"menu_order":0,"comment_status":"closed","ping_status":"closed","template":"","meta":{"_et_pb_use_builder":"on","_et_pb_old_content":"","_et_gb_content_width":"","footnotes":""},"class_list":["post-1814","page","type-page","status-publish","hentry"],"_links":{"self":[{"href":"https:\/\/www.asglatex.com\/en\/wp-json\/wp\/v2\/pages\/1814","targetHints":{"allow":["GET"]}}],"collection":[{"href":"https:\/\/www.asglatex.com\/en\/wp-json\/wp\/v2\/pages"}],"about":[{"href":"https:\/\/www.asglatex.com\/en\/wp-json\/wp\/v2\/types\/page"}],"author":[{"embeddable":true,"href":"https:\/\/www.asglatex.com\/en\/wp-json\/wp\/v2\/users\/1"}],"replies":[{"embeddable":true,"href":"https:\/\/www.asglatex.com\/en\/wp-json\/wp\/v2\/comments?post=1814"}],"version-history":[{"count":0,"href":"https:\/\/www.asglatex.com\/en\/wp-json\/wp\/v2\/pages\/1814\/revisions"}],"wp:attachment":[{"href":"https:\/\/www.asglatex.com\/en\/wp-json\/wp\/v2\/media?parent=1814"}],"curies":[{"name":"wp","href":"https:\/\/api.w.org\/{rel}","templated":true}]}}