{"id":1248,"date":"2022-08-25T11:08:15","date_gmt":"2022-08-25T09:08:15","guid":{"rendered":"https:\/\/www.asglatex.com\/?page_id=1248"},"modified":"2024-10-15T15:42:42","modified_gmt":"2024-10-15T13:42:42","slug":"siatki","status":"publish","type":"page","link":"https:\/\/www.asglatex.com\/pl\/siatki\/","title":{"rendered":"Siatki"},"content":{"rendered":"<p>[et_pb_section fb_built=&#8221;1&#8243; admin_label=&#8221;Section&#8221; module_id=&#8221;hero-supage-section&#8221; _builder_version=&#8221;4.16&#8243; _module_preset=&#8221;default&#8221; custom_margin=&#8221;0px|30px|0px|30px|false|false&#8221; custom_padding=&#8221;0px||0px||false|false&#8221; da_popup_slug=&#8221;hero-supage-section&#8221; da_disable_devices=&#8221;off|off|off&#8221; global_colors_info=&#8221;{}&#8221; da_is_popup=&#8221;off&#8221; da_exit_intent=&#8221;off&#8221; da_has_close=&#8221;on&#8221; da_alt_close=&#8221;off&#8221; da_dark_close=&#8221;off&#8221; da_not_modal=&#8221;on&#8221; da_is_singular=&#8221;off&#8221; da_with_loader=&#8221;off&#8221; da_has_shadow=&#8221;on&#8221;][et_pb_row use_custom_gutter=&#8221;on&#8221; gutter_width=&#8221;1&#8243; module_class=&#8221;row-circle-holder row-circle-holder-page&#8221; _builder_version=&#8221;4.17.0&#8243; _module_preset=&#8221;default&#8221; background_image=&#8221;https:\/\/www.asglatex.com\/wp-content\/uploads\/2022\/08\/home-slider.jpg&#8221; parallax=&#8221;on&#8221; background_enable_video_mp4=&#8221;off&#8221; width=&#8221;auto&#8221; module_alignment=&#8221;center&#8221; custom_margin=&#8221;0px||0px||false|false&#8221; custom_padding=&#8221;180px||60px||false|false&#8221; global_colors_info=&#8221;{}&#8221;][et_pb_column type=&#8221;4_4&#8243; module_class=&#8221;space-column space-column-slider&#8221; _builder_version=&#8221;4.17.0&#8243; _module_preset=&#8221;default&#8221; custom_padding=&#8221;||||false|false&#8221; global_colors_info=&#8221;{}&#8221;][lwp_divi_breadcrumbs link_color=&#8221;#FFFFFF&#8221; separator_color=&#8221;#FFFFFF&#8221; current_text_color=&#8221;#eaeaea&#8221; _builder_version=&#8221;4.16&#8243; _module_preset=&#8221;default&#8221; global_colors_info=&#8221;{}&#8221;][\/lwp_divi_breadcrumbs][et_pb_text _builder_version=&#8221;4.17.0&#8243; _module_preset=&#8221;default&#8221; header_text_color=&#8221;#FFFFFF&#8221; header_font_size=&#8221;60px&#8221; custom_margin=&#8221;10px||||false|false&#8221; global_colors_info=&#8221;{}&#8221;]<\/p>\n<h1>Siatki<\/h1>\n<p>[\/et_pb_text][et_pb_text module_class=&#8221;scroll-down-arrows&#8221; _builder_version=&#8221;4.17.0&#8243; _module_preset=&#8221;default&#8221; text_text_color=&#8221;#FFFFFF&#8221; text_font_size=&#8221;15px&#8221; width=&#8221;250px&#8221; custom_padding=&#8221;0px||0px||false|false&#8221; border_width_top=&#8221;1px&#8221; border_color_top=&#8221;#FFFFFF&#8221; border_width_bottom=&#8221;1px&#8221; border_color_bottom=&#8221;#FFFFFF&#8221; global_module=&#8221;476&#8243; global_colors_info=&#8221;{}&#8221;]<\/p>\n<p><a href=\"#main-content-start\">Przewi\u0144 w d\u00f3\u0142<\/a><\/p>\n<p>[\/et_pb_text][\/et_pb_column][\/et_pb_row][\/et_pb_section][et_pb_section fb_built=&#8221;1&#8243; admin_label=&#8221;Section&#8221; module_id=&#8221;main-content-start&#8221; _builder_version=&#8221;4.16&#8243; _module_preset=&#8221;default&#8221; background_color=&#8221;RGBA(255,255,255,0)&#8221; background_enable_image=&#8221;off&#8221; background_size=&#8221;initial&#8221; custom_padding=&#8221;130px||||false|false&#8221; da_popup_slug=&#8221;main-content-start&#8221; da_disable_devices=&#8221;off|off|off&#8221; global_colors_info=&#8221;{}&#8221; da_is_popup=&#8221;off&#8221; da_exit_intent=&#8221;off&#8221; da_has_close=&#8221;on&#8221; da_alt_close=&#8221;off&#8221; da_dark_close=&#8221;off&#8221; da_not_modal=&#8221;on&#8221; da_is_singular=&#8221;off&#8221; da_with_loader=&#8221;off&#8221; da_has_shadow=&#8221;on&#8221;][et_pb_row _builder_version=&#8221;4.16&#8243; _module_preset=&#8221;default&#8221; width=&#8221;86%&#8221; max_width=&#8221;1300px&#8221; custom_margin=&#8221;0px|auto|0px|auto|false|false&#8221; custom_padding=&#8221;0px||0px||false|false&#8221; global_colors_info=&#8221;{}&#8221;][et_pb_column type=&#8221;4_4&#8243; module_class=&#8221;space-column&#8221; _builder_version=&#8221;4.16&#8243; _module_preset=&#8221;default&#8221; global_colors_info=&#8221;{}&#8221;][et_pb_text module_class=&#8221;b-head sub-head&#8221; _builder_version=&#8221;4.17.0&#8243; _module_preset=&#8221;default&#8221; header_2_font=&#8221;|||on|||||&#8221; header_2_font_size=&#8221;15px&#8221; custom_margin=&#8221;0px||25px||false|false&#8221; custom_padding=&#8221;0px||0px||false|false&#8221; global_colors_info=&#8221;{}&#8221;]<\/p>\n<h2>Siatki<\/h2>\n<p>[\/et_pb_text][et_pb_text module_class=&#8221;responsive-head&#8221; _builder_version=&#8221;4.17.0&#8243; _module_preset=&#8221;default&#8221; header_3_font_size=&#8221;60px&#8221; header_3_line_height=&#8221;70px&#8221; global_colors_info=&#8221;{}&#8221;]<\/p>\n<h3>Siatka do system\u00f3w docieple\u0144<\/h3>\n<p>[\/et_pb_text][et_pb_text _builder_version=&#8221;4.17.0&#8243; _module_preset=&#8221;default&#8221; global_colors_info=&#8221;{}&#8221;]<\/p>\n<p>Siatka Asglatex do system\u00f3w docieple\u0144 wykonana z w\u0142\u00f3kna szklanego typu E-Glas zapewnia stabilne zbrojenie zar\u00f3wno ocieple\u0144 z polistyrenu ekspandowanego (EPS), jak i ocieple\u0144 we\u0142n\u0105 mineraln\u0105.<\/p>\n<p>Napr\u0119\u017cenia mog\u0105ce wyst\u0105pi\u0107 np. na skutek kr\u00f3tkotrwa\u0142ych waha\u0144 temperatury nie stanowi\u0105 \u017cadnego problemu z uwagi na niezwykle wysok\u0105 wytrzyma\u0142o\u015b\u0107 siatki na rozci\u0105ganie.<\/p>\n<p>Siatka niezale\u017cnie od grubo\u015bci warstw, z kt\u00f3rych si\u0119 sk\u0142ada, mo\u017ce by\u0107 stosowana zar\u00f3wno w systemach mineralnych, jak i wszystkich systemach dyspersyjnych. Produkowane przez nas siatki do system\u00f3w docieple\u0144 o wysokiej odporno\u015bci na dzia\u0142anie alkali\u00f3w spe\u0142niaj\u0105 restrykcyjne wymagania wg ETAG 004.<\/p>\n<p>[\/et_pb_text][\/et_pb_column][\/et_pb_row][et_pb_row column_structure=&#8221;1_4,1_4,1_4,1_4&#8243; module_class=&#8221;row-hover-efect&#8221; _builder_version=&#8221;4.17.0&#8243; _module_preset=&#8221;default&#8221; width=&#8221;86%&#8221; max_width=&#8221;1300px&#8221; global_colors_info=&#8221;{}&#8221;][et_pb_column type=&#8221;1_4&#8243; _builder_version=&#8221;4.17.0&#8243; _module_preset=&#8221;default&#8221; custom_padding=&#8221;15px|15px|15px|15px|false|false&#8221; border_width_all=&#8221;1px&#8221; border_color_all=&#8221;#000000&#8243; global_colors_info=&#8221;{}&#8221; background__hover_enabled=&#8221;on|hover&#8221; background_enable_color__hover=&#8221;on&#8221; border_color_all__hover_enabled=&#8221;off|hover&#8221; border_color_all__hover=&#8221;#000000&#8243; border_radii__hover_enabled=&#8221;on|desktop&#8221; background_color__hover=&#8221;#f2f2f2&#8243;][et_pb_text _builder_version=&#8221;4.17.0&#8243; _module_preset=&#8221;default&#8221; min_height=&#8221;160px&#8221; global_colors_info=&#8221;{}&#8221;]<\/p>\n<h3>Art. 03-1<br \/>[siatka do system\u00f3w docieple\u0144]<\/h3>\n<p>Siatka z w\u0142\u00f3kna szklanego 160 g\/m\u00b2<br \/>Rozmiar oczek 4 x 4 mm<\/p>\n<p>[\/et_pb_text][et_pb_button button_url=&#8221;#&#8221; button_text=&#8221;Pobierz&#8221; button_alignment=&#8221;left&#8221; module_class=&#8221;btn-styl-cb&#8221; _builder_version=&#8221;4.17.0&#8243; _module_preset=&#8221;default&#8221; custom_button=&#8221;on&#8221; button_text_size=&#8221;16px&#8221; custom_padding=&#8221;|||1.4em|false|false&#8221; custom_css_main_element=&#8221;min-width:125px\t&#8221; global_colors_info=&#8221;{}&#8221;][\/et_pb_button][\/et_pb_column][et_pb_column type=&#8221;1_4&#8243; _builder_version=&#8221;4.17.0&#8243; _module_preset=&#8221;default&#8221; custom_padding=&#8221;15px|15px|15px|15px|false|false&#8221; border_width_all=&#8221;1px&#8221; border_color_all=&#8221;#000000&#8243; global_colors_info=&#8221;{}&#8221; background__hover_enabled=&#8221;on|hover&#8221; border_radii__hover_enabled=&#8221;on|desktop&#8221; border_color_all__hover_enabled=&#8221;on|hover&#8221; border_color_all__hover=&#8221;#dddddd&#8221; background_color__hover=&#8221;#f2f2f2&#8243; background_enable_color__hover=&#8221;on&#8221;][et_pb_text _builder_version=&#8221;4.17.0&#8243; _module_preset=&#8221;default&#8221; min_height=&#8221;160px&#8221; global_colors_info=&#8221;{}&#8221;]<\/p>\n<h3>Art. 03-43<br \/>[siatka do system\u00f3w docieple\u0144]<\/h3>\n<p>Siatka z w\u0142\u00f3kna szklanego 145 g\/m\u00b2<\/p>\n<p>Rozmiar oczek 4 x 5 mm<\/p>\n<p>[\/et_pb_text][et_pb_button button_url=&#8221;#&#8221; button_text=&#8221;Pobierz&#8221; button_alignment=&#8221;left&#8221; module_class=&#8221;btn-styl-cb&#8221; _builder_version=&#8221;4.17.0&#8243; _module_preset=&#8221;default&#8221; custom_button=&#8221;on&#8221; button_text_size=&#8221;16px&#8221; custom_padding=&#8221;|||1.4em|false|false&#8221; custom_css_main_element=&#8221;min-width:125px\t&#8221; global_colors_info=&#8221;{}&#8221;][\/et_pb_button][\/et_pb_column][et_pb_column type=&#8221;1_4&#8243; _builder_version=&#8221;4.17.0&#8243; _module_preset=&#8221;default&#8221; custom_padding=&#8221;15px|15px|15px|15px|false|false&#8221; border_width_all=&#8221;1px&#8221; border_color_all=&#8221;#000000&#8243; global_colors_info=&#8221;{}&#8221; background__hover_enabled=&#8221;on|hover&#8221; border_radii__hover_enabled=&#8221;on|desktop&#8221; background_color__hover=&#8221;#f2f2f2&#8243; background_enable_color__hover=&#8221;on&#8221;][et_pb_text _builder_version=&#8221;4.17.0&#8243; _module_preset=&#8221;default&#8221; min_height=&#8221;160px&#8221; global_colors_info=&#8221;{}&#8221;]<\/p>\n<h3>Art. 03-55<br \/>[siatka do system\u00f3w docieple\u0144]<\/h3>\n<p>Siatka z w\u0142\u00f3kna szklanego 140 g\/m2<\/p>\n<p>Rozmiar oczek 4 x 5 mm<\/p>\n<p>[\/et_pb_text][et_pb_button button_url=&#8221;#&#8221; button_text=&#8221;Pobierz&#8221; button_alignment=&#8221;left&#8221; module_class=&#8221;btn-styl-cb&#8221; _builder_version=&#8221;4.17.0&#8243; _module_preset=&#8221;default&#8221; custom_button=&#8221;on&#8221; button_text_size=&#8221;16px&#8221; custom_padding=&#8221;|||1.4em|false|false&#8221; custom_css_main_element=&#8221;min-width:125px\t&#8221; global_colors_info=&#8221;{}&#8221;][\/et_pb_button][\/et_pb_column][et_pb_column type=&#8221;1_4&#8243; _builder_version=&#8221;4.17.0&#8243; _module_preset=&#8221;default&#8221; custom_padding=&#8221;15px|15px|15px|15px|false|false&#8221; border_width_all=&#8221;1px&#8221; border_color_all=&#8221;#000000&#8243; global_colors_info=&#8221;{}&#8221; background__hover_enabled=&#8221;on|hover&#8221; border_radii__hover_enabled=&#8221;on|desktop&#8221; background_color__hover=&#8221;#f2f2f2&#8243; background_enable_color__hover=&#8221;on&#8221; border_color_all__hover_enabled=&#8221;on|hover&#8221; border_color_all__hover=&#8221;#dddddd&#8221;][et_pb_text _builder_version=&#8221;4.17.0&#8243; _module_preset=&#8221;default&#8221; min_height=&#8221;160px&#8221; global_colors_info=&#8221;{}&#8221;]<\/p>\n<h3>Art. 03-8 <br \/>[siatka do system\u00f3w docieple\u0144]<\/h3>\n<p>Siatka z w\u0142\u00f3kna szklanego 205 g\/m\u00b2<\/p>\n<p>Rozmiar oczek 7 x 7 mm<\/p>\n<p>[\/et_pb_text][et_pb_button button_url=&#8221;#&#8221; button_text=&#8221;Pobierz&#8221; button_alignment=&#8221;left&#8221; module_class=&#8221;btn-styl-cb&#8221; _builder_version=&#8221;4.17.0&#8243; _module_preset=&#8221;default&#8221; custom_button=&#8221;on&#8221; button_text_size=&#8221;16px&#8221; custom_padding=&#8221;|||1.4em|false|false&#8221; custom_css_main_element=&#8221;min-width:125px\t&#8221; global_colors_info=&#8221;{}&#8221;][\/et_pb_button][\/et_pb_column][\/et_pb_row][et_pb_row _builder_version=&#8221;4.16&#8243; _module_preset=&#8221;default&#8221; width=&#8221;86%&#8221; max_width=&#8221;1300px&#8221; custom_margin=&#8221;0px|auto|0px|auto|false|false&#8221; custom_padding=&#8221;0px||0px||false|false&#8221; global_colors_info=&#8221;{}&#8221;][et_pb_column type=&#8221;4_4&#8243; module_class=&#8221;space-column&#8221; _builder_version=&#8221;4.16&#8243; _module_preset=&#8221;default&#8221; global_colors_info=&#8221;{}&#8221;][et_pb_text module_class=&#8221;b-head sub-head&#8221; _builder_version=&#8221;4.17.0&#8243; _module_preset=&#8221;default&#8221; header_2_font=&#8221;|||on|||||&#8221; header_2_font_size=&#8221;15px&#8221; custom_margin=&#8221;0px||25px||false|false&#8221; custom_padding=&#8221;0px||0px||false|false&#8221; global_colors_info=&#8221;{}&#8221;]<\/p>\n<h2>Siatki<\/h2>\n<p>[\/et_pb_text][et_pb_text module_class=&#8221;responsive-head&#8221; _builder_version=&#8221;4.17.0&#8243; _module_preset=&#8221;default&#8221; header_3_font_size=&#8221;60px&#8221; header_3_line_height=&#8221;70px&#8221; global_colors_info=&#8221;{}&#8221;]<\/p>\n<h3>Siatki uniwersalne<\/h3>\n<p>[\/et_pb_text][et_pb_text _builder_version=&#8221;4.17.0&#8243; _module_preset=&#8221;default&#8221; global_colors_info=&#8221;{}&#8221;]<\/p>\n<p>Siatki uniwersalne firmy Asglatex produkowane s\u0105 w splocie gazejskim z w\u0142\u00f3kna szklanego (E-Glass) i posiadaj\u0105 specjalny sk\u0142ad zapewniaj\u0105cy szczeg\u00f3ln\u0105 odporno\u015b\u0107 przeciwpo\u015blizgow\u0105 \/ stabilno\u015b\u0107 rozmiar\u00f3w i s\u0105 niezwykle odporne na dzia\u0142anie alkali\u00f3w i gnicie. Daj\u0105 ogromny wachlarz mo\u017cliwych zastosowa\u0144 zar\u00f3wno na zewn\u0105trz, jak i wewn\u0105trz budynku. Nasze siatki uniwersalne sprostaj\u0105 ka\u017cdemu wyzwaniu, czy to podczas zastosowania na ca\u0142ej powierzchni czy te\u017c podczas napraw do maskowania p\u0119kniec.<\/p>\n<p>[\/et_pb_text][\/et_pb_column][\/et_pb_row][et_pb_row column_structure=&#8221;1_4,1_4,1_4,1_4&#8243; module_class=&#8221;row-hover-efect&#8221; _builder_version=&#8221;4.17.0&#8243; _module_preset=&#8221;default&#8221; width=&#8221;86%&#8221; max_width=&#8221;1300px&#8221; global_colors_info=&#8221;{}&#8221;][et_pb_column type=&#8221;1_4&#8243; _builder_version=&#8221;4.17.0&#8243; _module_preset=&#8221;default&#8221; custom_padding=&#8221;15px|15px|15px|15px|false|false&#8221; border_width_all=&#8221;1px&#8221; border_color_all=&#8221;#000000&#8243; global_colors_info=&#8221;{}&#8221; background__hover_enabled=&#8221;on|hover&#8221; border_radii__hover_enabled=&#8221;on|desktop&#8221; background_color__hover=&#8221;#f2f2f2&#8243; background_enable_color__hover=&#8221;on&#8221;][et_pb_text _builder_version=&#8221;4.17.0&#8243; _module_preset=&#8221;default&#8221; min_height=&#8221;160px&#8221; global_colors_info=&#8221;{}&#8221;]<\/p>\n<h3>Art. 03-3 [siatka uniwersalna]<\/h3>\n<p>Siatka z cienkiego w\u0142\u00f3kna szklanego 110g\/m2 <br \/>Rozmiar oczek 13 x 13 mm<\/p>\n<p>[\/et_pb_text][et_pb_button button_url=&#8221;#&#8221; button_text=&#8221;Pobierz&#8221; button_alignment=&#8221;left&#8221; module_class=&#8221;btn-styl-cb&#8221; _builder_version=&#8221;4.17.0&#8243; _module_preset=&#8221;default&#8221; custom_button=&#8221;on&#8221; button_text_size=&#8221;16px&#8221; custom_padding=&#8221;|||1.4em|false|false&#8221; custom_css_main_element=&#8221;min-width:125px\t&#8221; global_colors_info=&#8221;{}&#8221;][\/et_pb_button][\/et_pb_column][et_pb_column type=&#8221;1_4&#8243; _builder_version=&#8221;4.17.0&#8243; _module_preset=&#8221;default&#8221; custom_padding=&#8221;15px|15px|15px|15px|false|false&#8221; border_width_all=&#8221;1px&#8221; border_color_all=&#8221;#000000&#8243; global_colors_info=&#8221;{}&#8221; background__hover_enabled=&#8221;on|hover&#8221; border_radii__hover_enabled=&#8221;on|desktop&#8221; background_color__hover=&#8221;#f2f2f2&#8243; background_enable_color__hover=&#8221;on&#8221;][et_pb_text _builder_version=&#8221;4.17.0&#8243; _module_preset=&#8221;default&#8221; min_height=&#8221;160px&#8221; global_colors_info=&#8221;{}&#8221;]<\/p>\n<h3>Art. 03-4 [siatka uniwersalna]<\/h3>\n<p>Siatka z cienkiego w\u0142\u00f3kna szklanego 105g\/m2 <br \/>Rozmiar oczek 6 x 6 mm<\/p>\n<p>[\/et_pb_text][et_pb_button button_url=&#8221;#&#8221; button_text=&#8221;Pobierz&#8221; button_alignment=&#8221;left&#8221; module_class=&#8221;btn-styl-cb&#8221; _builder_version=&#8221;4.17.0&#8243; _module_preset=&#8221;default&#8221; custom_button=&#8221;on&#8221; button_text_size=&#8221;16px&#8221; custom_padding=&#8221;|||1.4em|false|false&#8221; custom_css_main_element=&#8221;min-width:125px\t&#8221; global_colors_info=&#8221;{}&#8221;][\/et_pb_button][\/et_pb_column][et_pb_column type=&#8221;1_4&#8243; _builder_version=&#8221;4.17.0&#8243; _module_preset=&#8221;default&#8221; global_colors_info=&#8221;{}&#8221;][\/et_pb_column][et_pb_column type=&#8221;1_4&#8243; _builder_version=&#8221;4.17.0&#8243; _module_preset=&#8221;default&#8221; global_colors_info=&#8221;{}&#8221;][\/et_pb_column][\/et_pb_row][et_pb_row _builder_version=&#8221;4.16&#8243; _module_preset=&#8221;default&#8221; width=&#8221;86%&#8221; max_width=&#8221;1300px&#8221; custom_margin=&#8221;0px|auto|0px|auto|false|false&#8221; custom_padding=&#8221;0px||0px||false|false&#8221; global_colors_info=&#8221;{}&#8221;][et_pb_column type=&#8221;4_4&#8243; module_class=&#8221;space-column&#8221; _builder_version=&#8221;4.16&#8243; _module_preset=&#8221;default&#8221; global_colors_info=&#8221;{}&#8221;][et_pb_text module_class=&#8221;b-head sub-head&#8221; _builder_version=&#8221;4.17.0&#8243; _module_preset=&#8221;default&#8221; header_2_font=&#8221;|||on|||||&#8221; header_2_font_size=&#8221;15px&#8221; custom_margin=&#8221;0px||25px||false|false&#8221; custom_padding=&#8221;0px||0px||false|false&#8221; global_colors_info=&#8221;{}&#8221;]<\/p>\n<h2>Siatki<\/h2>\n<p>[\/et_pb_text][et_pb_text module_class=&#8221;responsive-head&#8221; _builder_version=&#8221;4.17.0&#8243; _module_preset=&#8221;default&#8221; header_3_font_size=&#8221;60px&#8221; header_3_line_height=&#8221;70px&#8221; global_colors_info=&#8221;{}&#8221;]<\/p>\n<h3>Siatka do tynk\u00f3w zewn\u0119trznych, wewn\u0119trznych oraz pancerne<\/h3>\n<p>[\/et_pb_text][et_pb_text _builder_version=&#8221;4.17.0&#8243; _module_preset=&#8221;default&#8221; global_colors_info=&#8221;{}&#8221;]<\/p>\n<p>Siatki zbroj\u0105ce do tynk\u00f3w zewn\u0119trznych, siatki zbroj\u0105ce do tynk\u00f3w wewn\u0119trznych oraz siatki zbroj\u0105ce pancerne dope\u0142niaj\u0105 nasz\u0105 ofert\u0119 produkt\u00f3w. Siatki te dzi\u0119ki szczeg\u00f3lnej wytrzyma\u0142o\u015bci na rozrywanie oraz niewielk\u0105 rozci\u0105gliwo\u015b\u0107 zapewniaj\u0105 wymagane napr\u0119\u017cenie oraz zapobiegaj\u0105 powstawaniu p\u0119kni\u0119c tynku. Podczas remontu siatka zbroj\u0105ca do tynk\u00f3w wewn\u0119trznych nadaje si\u0119 doskonale do zakrywania istniej\u0105cych p\u0119kni\u0119\u0107.<\/p>\n<p>Siatki zbroj\u0105ce pancerne stosuje si\u0119 przede wszystkim w strefie coko\u0142u oraz w innych szczeg\u00f3lnie nara\u017conych obszarach. Dzi\u0119ki stabilnej konstrukcji s\u0105 w stanie przejmowa\u0107 bardzo du\u017ce si\u0142y naciskowe, rozci\u0105gaj\u0105ce, a tak\u017ce uderzeniowe.<\/p>\n<p>[\/et_pb_text][\/et_pb_column][\/et_pb_row][et_pb_row column_structure=&#8221;1_4,1_4,1_4,1_4&#8243; module_class=&#8221;row-hover-efect&#8221; _builder_version=&#8221;4.17.0&#8243; _module_preset=&#8221;default&#8221; width=&#8221;86%&#8221; max_width=&#8221;1300px&#8221; global_colors_info=&#8221;{}&#8221;][et_pb_column type=&#8221;1_4&#8243; _builder_version=&#8221;4.17.0&#8243; _module_preset=&#8221;default&#8221; custom_padding=&#8221;15px|15px|15px|15px|false|false&#8221; border_width_all=&#8221;1px&#8221; border_color_all=&#8221;#000000&#8243; global_colors_info=&#8221;{}&#8221; background__hover_enabled=&#8221;on|hover&#8221; border_radii__hover_enabled=&#8221;on|desktop&#8221; background_color__hover=&#8221;#f2f2f2&#8243; background_enable_color__hover=&#8221;on&#8221;][et_pb_text _builder_version=&#8221;4.17.0&#8243; _module_preset=&#8221;default&#8221; min_height=&#8221;160px&#8221; global_colors_info=&#8221;{}&#8221;]<\/p>\n<h3>Art. 03-5<br \/>[siatka do tynk\u00f3w zewn\u0119trznych]<\/h3>\n<p>Siatka z w\u0142\u00f3kna szklanego 140g\/m2<\/p>\n<p>Rozmiar oczek 10 x 10 mm<\/p>\n<p>[\/et_pb_text][et_pb_button button_url=&#8221;#&#8221; button_text=&#8221;Pobierz&#8221; button_alignment=&#8221;left&#8221; module_class=&#8221;btn-styl-cb&#8221; _builder_version=&#8221;4.17.0&#8243; _module_preset=&#8221;default&#8221; custom_button=&#8221;on&#8221; button_text_size=&#8221;16px&#8221; custom_padding=&#8221;|||1.4em|false|false&#8221; custom_css_main_element=&#8221;min-width:125px\t&#8221; global_colors_info=&#8221;{}&#8221;][\/et_pb_button][\/et_pb_column][et_pb_column type=&#8221;1_4&#8243; _builder_version=&#8221;4.17.0&#8243; _module_preset=&#8221;default&#8221; custom_padding=&#8221;15px|15px|15px|15px|false|false&#8221; border_width_all=&#8221;1px&#8221; border_color_all=&#8221;#000000&#8243; global_colors_info=&#8221;{}&#8221; background__hover_enabled=&#8221;on|hover&#8221; border_radii__hover_enabled=&#8221;on|desktop&#8221; background_color__hover=&#8221;#f2f2f2&#8243; background_enable_color__hover=&#8221;on&#8221;][et_pb_text _builder_version=&#8221;4.17.0&#8243; _module_preset=&#8221;default&#8221; min_height=&#8221;160px&#8221; global_colors_info=&#8221;{}&#8221;]<\/p>\n<h3>Art. 03-6<br \/>[siatka do tynk\u00f3w wewn\u0119trznych]<\/h3>\n<p>Siatka z w\u0142\u00f3kna szklanego<br \/>70 g\/m2<\/p>\n<p>Rozmiar oczek 5 x 5 mm<\/p>\n<p>[\/et_pb_text][et_pb_button button_url=&#8221;#&#8221; button_text=&#8221;Pobierz&#8221; button_alignment=&#8221;left&#8221; module_class=&#8221;btn-styl-cb&#8221; _builder_version=&#8221;4.17.0&#8243; _module_preset=&#8221;default&#8221; custom_button=&#8221;on&#8221; button_text_size=&#8221;16px&#8221; custom_padding=&#8221;|||1.4em|false|false&#8221; custom_css_main_element=&#8221;min-width:125px\t&#8221; global_colors_info=&#8221;{}&#8221;][\/et_pb_button][\/et_pb_column][et_pb_column type=&#8221;1_4&#8243; _builder_version=&#8221;4.17.0&#8243; _module_preset=&#8221;default&#8221; custom_padding=&#8221;15px|15px|15px|15px|false|false&#8221; border_width_all=&#8221;1px&#8221; border_color_all=&#8221;#000000&#8243; global_colors_info=&#8221;{}&#8221; background__hover_enabled=&#8221;on|hover&#8221; border_radii__hover_enabled=&#8221;on|desktop&#8221; background_color__hover=&#8221;#f2f2f2&#8243; background_enable_color__hover=&#8221;on&#8221;][et_pb_text _builder_version=&#8221;4.17.0&#8243; _module_preset=&#8221;default&#8221; min_height=&#8221;160px&#8221; global_colors_info=&#8221;{}&#8221;]<\/p>\n<h3>Art. 03-15<br \/>[siatka pancerna &#8211; lekka]<\/h3>\n<p>Siatka z w\u0142\u00f3kna szklanego<br \/>320 g\/m2<\/p>\n<p>Rozmiar oczek 9 x 12,5 mm<\/p>\n<p>[\/et_pb_text][et_pb_button button_url=&#8221;#&#8221; button_text=&#8221;Pobierz&#8221; button_alignment=&#8221;left&#8221; module_class=&#8221;btn-styl-cb&#8221; _builder_version=&#8221;4.17.0&#8243; _module_preset=&#8221;default&#8221; custom_button=&#8221;on&#8221; button_text_size=&#8221;16px&#8221; custom_padding=&#8221;|||1.4em|false|false&#8221; custom_css_main_element=&#8221;min-width:125px\t&#8221; global_colors_info=&#8221;{}&#8221;][\/et_pb_button][\/et_pb_column][et_pb_column type=&#8221;1_4&#8243; _builder_version=&#8221;4.17.0&#8243; _module_preset=&#8221;default&#8221; global_colors_info=&#8221;{}&#8221;][\/et_pb_column][\/et_pb_row][\/et_pb_section]<\/p>\n","protected":false},"excerpt":{"rendered":"<p><div class=\"et_pb_module lwp_divi_breadcrumbs lwp_divi_breadcrumbs_0\">\n\t\t\t\t\n\t\t\t\t\n\t\t\t\t\n\t\t\t\t\n\t\t\t\t\n\t\t\t\t\n\t\t\t\t<div class=\"et_pb_module_inner\">\n\t\t\t\t\t<div class=\"lwp-breadcrumbs\"> <span class=\"before\"><\/span> <span vocab=\"https:\/\/schema.org\/\" typeof=\"BreadcrumbList\"><span property=\"itemListElement\" typeof=\"ListItem\"><a property=\"item\" typeof=\"WebPage\" href=\"https:\/\/www.asglatex.com\/pl\/\" class=\"home\"><span property=\"name\">Home<\/span><\/a><meta property=\"position\" content=\"1\"><\/span> <span class=\"separator et-pb-icon\">&amp;#x39;<\/span> <\/span><\/div>\n\t\t\t\t<\/div>\n\t\t\t<\/div>SiatkiPrzewi\u0144 w d\u00f3\u0142 SiatkiSiatka do system\u00f3w docieple\u0144Siatka Asglatex do system\u00f3w docieple\u0144 wykonana z w\u0142\u00f3kna szklanego typu E-Glas zapewnia stabilne zbrojenie zar\u00f3wno ocieple\u0144 z polistyrenu ekspandowanego (EPS), jak i ocieple\u0144 we\u0142n\u0105 mineraln\u0105. Napr\u0119\u017cenia mog\u0105ce wyst\u0105pi\u0107 np. na skutek kr\u00f3tkotrwa\u0142ych waha\u0144 temperatury nie stanowi\u0105 \u017cadnego problemu z uwagi na niezwykle wysok\u0105 [&hellip;]<\/p>\n","protected":false},"author":1,"featured_media":0,"parent":0,"menu_order":0,"comment_status":"closed","ping_status":"closed","template":"","meta":{"_et_pb_use_builder":"on","_et_pb_old_content":"","_et_gb_content_width":"","footnotes":""},"class_list":["post-1248","page","type-page","status-publish","hentry"],"_links":{"self":[{"href":"https:\/\/www.asglatex.com\/pl\/wp-json\/wp\/v2\/pages\/1248","targetHints":{"allow":["GET"]}}],"collection":[{"href":"https:\/\/www.asglatex.com\/pl\/wp-json\/wp\/v2\/pages"}],"about":[{"href":"https:\/\/www.asglatex.com\/pl\/wp-json\/wp\/v2\/types\/page"}],"author":[{"embeddable":true,"href":"https:\/\/www.asglatex.com\/pl\/wp-json\/wp\/v2\/users\/1"}],"replies":[{"embeddable":true,"href":"https:\/\/www.asglatex.com\/pl\/wp-json\/wp\/v2\/comments?post=1248"}],"version-history":[{"count":2,"href":"https:\/\/www.asglatex.com\/pl\/wp-json\/wp\/v2\/pages\/1248\/revisions"}],"predecessor-version":[{"id":2229,"href":"https:\/\/www.asglatex.com\/pl\/wp-json\/wp\/v2\/pages\/1248\/revisions\/2229"}],"wp:attachment":[{"href":"https:\/\/www.asglatex.com\/pl\/wp-json\/wp\/v2\/media?parent=1248"}],"curies":[{"name":"wp","href":"https:\/\/api.w.org\/{rel}","templated":true}]}}