{"id":234,"date":"2021-12-09T11:31:15","date_gmt":"2021-12-09T10:31:15","guid":{"rendered":"https:\/\/www.asglatex.com\/?page_id=234"},"modified":"2024-09-02T12:56:02","modified_gmt":"2024-09-02T10:56:02","slug":"produkcja-i-jakosc","status":"publish","type":"page","link":"https:\/\/www.asglatex.com\/pl\/produkcja-i-jakosc\/","title":{"rendered":"Produkcja i jako\u015b\u0107"},"content":{"rendered":"<p>[et_pb_section fb_built=&#8221;1&#8243; admin_label=&#8221;Section&#8221; module_id=&#8221;hero-supage-section&#8221; _builder_version=&#8221;4.16&#8243; _module_preset=&#8221;default&#8221; custom_margin=&#8221;0px|30px|0px|30px|false|false&#8221; custom_padding=&#8221;0px||0px||false|false&#8221; da_popup_slug=&#8221;hero-supage-section&#8221; da_disable_devices=&#8221;off|off|off&#8221; global_colors_info=&#8221;{}&#8221; da_is_popup=&#8221;off&#8221; da_exit_intent=&#8221;off&#8221; da_has_close=&#8221;on&#8221; da_alt_close=&#8221;off&#8221; da_dark_close=&#8221;off&#8221; da_not_modal=&#8221;on&#8221; da_is_singular=&#8221;off&#8221; da_with_loader=&#8221;off&#8221; da_has_shadow=&#8221;on&#8221;][et_pb_row use_custom_gutter=&#8221;on&#8221; gutter_width=&#8221;1&#8243; module_class=&#8221;row-circle-holder row-circle-holder-page&#8221; _builder_version=&#8221;4.17.0&#8243; _module_preset=&#8221;default&#8221; background_image=&#8221;https:\/\/www.asglatex.com\/wp-content\/uploads\/2021\/12\/bg-TECHNOLOGY-1.jpg&#8221; parallax=&#8221;on&#8221; background_enable_video_mp4=&#8221;off&#8221; width=&#8221;auto&#8221; module_alignment=&#8221;center&#8221; custom_margin=&#8221;0px||0px||false|false&#8221; custom_padding=&#8221;180px||60px||false|false&#8221; global_colors_info=&#8221;{}&#8221;][et_pb_column type=&#8221;4_4&#8243; module_class=&#8221;space-column space-column-slider&#8221; _builder_version=&#8221;4.16&#8243; _module_preset=&#8221;default&#8221; custom_padding=&#8221;||||false|false&#8221; global_colors_info=&#8221;{}&#8221;][lwp_divi_breadcrumbs link_color=&#8221;#FFFFFF&#8221; separator_color=&#8221;#FFFFFF&#8221; current_text_color=&#8221;#eaeaea&#8221; _builder_version=&#8221;4.16&#8243; _module_preset=&#8221;default&#8221; global_colors_info=&#8221;{}&#8221;][\/lwp_divi_breadcrumbs][et_pb_text _builder_version=&#8221;4.17.0&#8243; _module_preset=&#8221;default&#8221; header_text_color=&#8221;#FFFFFF&#8221; header_font_size=&#8221;60px&#8221; custom_margin=&#8221;10px||||false|false&#8221; global_colors_info=&#8221;{}&#8221;]<\/p>\n<h1>Produkcja i jako\u015b\u0107<\/h1>\n<p>[\/et_pb_text][et_pb_text module_class=&#8221;scroll-down-arrows&#8221; _builder_version=&#8221;4.17.0&#8243; _module_preset=&#8221;default&#8221; text_text_color=&#8221;#FFFFFF&#8221; text_font_size=&#8221;15px&#8221; width=&#8221;250px&#8221; custom_padding=&#8221;0px||0px||false|false&#8221; border_width_top=&#8221;1px&#8221; border_color_top=&#8221;#FFFFFF&#8221; border_width_bottom=&#8221;1px&#8221; border_color_bottom=&#8221;#FFFFFF&#8221; global_module=&#8221;476&#8243; global_colors_info=&#8221;{}&#8221;]<\/p>\n<p><a href=\"#main-content-start\">Przewi\u0144 w d\u00f3\u0142<\/a><\/p>\n<p>[\/et_pb_text][\/et_pb_column][\/et_pb_row][\/et_pb_section][et_pb_section fb_built=&#8221;1&#8243; admin_label=&#8221;Section&#8221; module_id=&#8221;main-content-start&#8221; _builder_version=&#8221;4.16&#8243; _module_preset=&#8221;default&#8221; background_color=&#8221;RGBA(255,255,255,0)&#8221; background_enable_image=&#8221;off&#8221; background_size=&#8221;initial&#8221; custom_padding=&#8221;100px||||false|false&#8221; da_popup_slug=&#8221;main-content-start&#8221; da_disable_devices=&#8221;off|off|off&#8221; global_colors_info=&#8221;{}&#8221; da_is_popup=&#8221;off&#8221; da_exit_intent=&#8221;off&#8221; da_has_close=&#8221;on&#8221; da_alt_close=&#8221;off&#8221; da_dark_close=&#8221;off&#8221; da_not_modal=&#8221;on&#8221; da_is_singular=&#8221;off&#8221; da_with_loader=&#8221;off&#8221; da_has_shadow=&#8221;on&#8221;][et_pb_row _builder_version=&#8221;4.16&#8243; _module_preset=&#8221;default&#8221; width=&#8221;86%&#8221; max_width=&#8221;1300px&#8221; custom_margin=&#8221;0px|auto||auto|false|false&#8221; custom_padding=&#8221;0px||||false|false&#8221; global_colors_info=&#8221;{}&#8221;][et_pb_column type=&#8221;4_4&#8243; module_class=&#8221;space-column&#8221; _builder_version=&#8221;4.16&#8243; _module_preset=&#8221;default&#8221; global_colors_info=&#8221;{}&#8221;][et_pb_text module_class=&#8221;h-bold sub-head&#8221; _builder_version=&#8221;4.17.0&#8243; _module_preset=&#8221;default&#8221; header_2_font=&#8221;|||on|||||&#8221; header_2_font_size=&#8221;15px&#8221; custom_margin=&#8221;0px||25px||false|false&#8221; custom_padding=&#8221;0px||0px||false|false&#8221; global_colors_info=&#8221;{}&#8221;]<\/p>\n<h2>Produkcja i jako\u015b\u0107<\/h2>\n<p>[\/et_pb_text][et_pb_text module_class=&#8221;responsive-head&#8221; _builder_version=&#8221;4.17.0&#8243; _module_preset=&#8221;default&#8221; header_3_font_size=&#8221;60px&#8221; header_3_line_height=&#8221;70px&#8221; global_colors_info=&#8221;{}&#8221;]<\/p>\n<h3>Wszystko od jednego producenta<\/h3>\n<p>[\/et_pb_text][et_pb_text _builder_version=&#8221;4.17.0&#8243; _module_preset=&#8221;default&#8221; width=&#8221;800px&#8221; global_colors_info=&#8221;{}&#8221;]<\/p>\n<p>W Asglatex wszystko odbywa si\u0119 w ramach jednej firmy pocz\u0105wszy od produkcji wa\u0142\u00f3w osnowowych w dziale snucia osn\u00f3w, poprzez tkalni\u0119, impregnacj\u0119 a\u017c po konfekcjonowanie.<br \/>Dzi\u0119ki temu w du\u017cym stopniu jeste\u015bmy uniezale\u017cnieni np. od trudno\u015bci zaopatrzeniowych, mo\u017cemy szybko reagowa\u0107 na zam\u00f3wienia klient\u00f3w oraz zagwarantowa\u0107 niezmiennie<br \/>wysok\u0105 jako\u015b\u0107.<\/p>\n<p>Dobrze wykszta\u0142ceni i zmotywowani pracownicy naszej firmy tworz\u0105 zgrany zesp\u00f3\u0142, aby w ka\u017cdej chwili m\u00f3c sprosta\u0107 wysokim wymaganiom stawianym przez naszych klient\u00f3w.<br \/>Dlatego te\u017c stale rozszerzamy i modyfikujemy nasz\u0105 palet\u0119 produkt\u00f3w.<\/p>\n<p>Tkaniny s\u0105 dost\u0119pne w r\u00f3\u017cnych wersjach, kt\u00f3re w zale\u017cno\u015bci od przeznaczenia r\u00f3\u017cni\u0105 si\u0119 od siebie grubo\u015bci\u0105 nici lub rowingu, wielko\u015bci\u0105 oczek i wynikaj\u0105cym z tego ci\u0119\u017carem powierzchniowym.<\/p>\n<p>Podczas produkcji tych tkanin jeste\u015bmy w stanie spe\u0142ni\u0107 niemal\u017ce ka\u017cde \u017cyczenie klienta. Zach\u0119camy Pa\u0144stwa do sprawdzenia naszych mo\u017cliwo\u015bci.<\/p>\n<p>[\/et_pb_text][\/et_pb_column][\/et_pb_row][et_pb_row column_structure=&#8221;1_2,1_2&#8243; make_equal=&#8221;on&#8221; module_class=&#8221;space-row&#8221; _builder_version=&#8221;4.16&#8243; _module_preset=&#8221;default&#8221; width=&#8221;86%&#8221; max_width=&#8221;1300px&#8221; global_colors_info=&#8221;{}&#8221;][et_pb_column type=&#8221;1_2&#8243; _builder_version=&#8221;4.16&#8243; _module_preset=&#8221;default&#8221; global_colors_info=&#8221;{}&#8221;][et_pb_image src=&#8221;https:\/\/www.asglatex.com\/wp-content\/uploads\/2022\/08\/prod1.jpg&#8221; title_text=&#8221;prod1&#8243; _builder_version=&#8221;4.17.0&#8243; _module_preset=&#8221;default&#8221; global_colors_info=&#8221;{}&#8221;][\/et_pb_image][\/et_pb_column][et_pb_column type=&#8221;1_2&#8243; _builder_version=&#8221;4.16&#8243; _module_preset=&#8221;default&#8221; custom_css_main_element=&#8221;align-self:center;&#8221; global_colors_info=&#8221;{}&#8221;][et_pb_text _builder_version=&#8221;4.17.0&#8243; _module_preset=&#8221;default&#8221; header_3_font_size=&#8221;40px&#8221; header_3_line_height=&#8221;40px&#8221; custom_margin=&#8221;||20px||false|false&#8221; global_colors_info=&#8221;{}&#8221;]<\/p>\n<h3>Wyznacznikiem jest jako\u015b\u0107<\/h3>\n<p>[\/et_pb_text][et_pb_text _builder_version=&#8221;4.17.0&#8243; _module_preset=&#8221;default&#8221; global_colors_info=&#8221;{}&#8221;]<\/p>\n<p>Jako producent i dostawca wysokiej jako\u015bci produkt\u00f3w z w\u0142\u00f3kna szklanego dla licznych znanych klient\u00f3w d\u0105\u017cymy do tego, aby utrzyma\u0107 wysoki standard jako\u015bci i stale go podwy\u017csza\u0107.<\/p>\n<p>W znacznym stopniu przyczyni\u0142o si\u0119 do tego wdro\u017cenie w firmie systemu zarz\u0105dzania jako\u015bci\u0105.<\/p>\n<p>Uzyskanie certykatu ISO 9001 i kolejnych stanowi dla nas wyraz konsekwentnej i sumiennej pracy w dziedzinie zapewnienia i polepszania jako\u015bci. Regularnie przeprowadzane wewn\u0119trzne kontrole jako\u015bci oraz badania wykonywane przez niezale\u017cne laboratoria zewn\u0119trzne gwarantuj\u0105 naszym klientom niezmiennie wysok\u0105 jako\u015b\u0107 naszych produkt\u00f3w.<\/p>\n<p>[\/et_pb_text][\/et_pb_column][\/et_pb_row][et_pb_row column_structure=&#8221;1_2,1_2&#8243; make_equal=&#8221;on&#8221; module_class=&#8221;space-row&#8221; _builder_version=&#8221;4.16&#8243; _module_preset=&#8221;default&#8221; width=&#8221;86%&#8221; max_width=&#8221;1300px&#8221; global_colors_info=&#8221;{}&#8221;][et_pb_column type=&#8221;1_2&#8243; _builder_version=&#8221;4.16&#8243; _module_preset=&#8221;default&#8221; custom_css_main_element=&#8221;align-self:center;&#8221; global_colors_info=&#8221;{}&#8221;][et_pb_text _builder_version=&#8221;4.17.0&#8243; _module_preset=&#8221;default&#8221; header_3_font_size=&#8221;40px&#8221; header_3_line_height=&#8221;40px&#8221; custom_margin=&#8221;||20px||false|false&#8221; global_colors_info=&#8221;{}&#8221;]<\/p>\n<h3>Ochrona \u015brodowiska to nasz obowi\u0105zek<\/h3>\n<p>[\/et_pb_text][et_pb_text _builder_version=&#8221;4.17.0&#8243; _module_preset=&#8221;default&#8221; global_colors_info=&#8221;{}&#8221;]<\/p>\n<p>Wszyscy jeste\u015bmy odpowiedzialni za to, aby przysz\u0142e pokolenia odziedziczy\u0142y po nas nienaruszone \u015brodowisko przyrodnicze. Dlatego te\u017c Asglatex konsekwentnie d\u0105\u017cy do utrzymania naszej produkcji na nowoczesnym poziomie, kt\u00f3ry wi\u0105\u017ce si\u0119 tym samym z ochron\u0105 \u015brodowiska. Stosowanie materia\u0142\u00f3w szczeg\u00f3lnie chroni\u0105cych \u015brodowisko, przestrzeganie przepis\u00f3w ochrony \u015brodowiska, a tak\u017ce unikanie powstawania odpad\u00f3w lub te\u017c ich w\u0142a\u015bciwa utylizacja s\u0105 dla nas czym\u015b zupe\u0142nie oczywistym.<\/p>\n<p>Naturalnie tak\u017ce i wysoka jako\u015b\u0107 i zwi\u0105zana z tym d\u0142uga \u017cywotno\u015b\u0107 naszych produkt\u00f3w przyczyniaj\u0105 si\u0119 do zachowania naszego \u015brodowiska przyrodniczego i ochrony<br \/>istniej\u0105cych zasob\u00f3w.<\/p>\n<p>[\/et_pb_text][\/et_pb_column][et_pb_column type=&#8221;1_2&#8243; _builder_version=&#8221;4.16&#8243; _module_preset=&#8221;default&#8221; custom_css_main_element=&#8221;align-self:center;&#8221; global_colors_info=&#8221;{}&#8221;][et_pb_image src=&#8221;https:\/\/www.asglatex.com\/wp-content\/uploads\/2022\/08\/prod2.jpg&#8221; title_text=&#8221;prod2&#8243; _builder_version=&#8221;4.17.0&#8243; _module_preset=&#8221;default&#8221; global_colors_info=&#8221;{}&#8221;][\/et_pb_image][\/et_pb_column][\/et_pb_row][et_pb_row make_equal=&#8221;on&#8221; module_class=&#8221;space-row&#8221; _builder_version=&#8221;4.17.0&#8243; _module_preset=&#8221;default&#8221; width=&#8221;86%&#8221; max_width=&#8221;1300px&#8221; global_colors_info=&#8221;{}&#8221;][et_pb_column type=&#8221;4_4&#8243; _builder_version=&#8221;4.16&#8243; _module_preset=&#8221;default&#8221; custom_css_main_element=&#8221;align-self:center;&#8221; global_colors_info=&#8221;{}&#8221;][et_pb_text _builder_version=&#8221;4.16&#8243; _module_preset=&#8221;default&#8221; header_3_font_size=&#8221;40px&#8221; header_3_line_height=&#8221;40px&#8221; custom_margin=&#8221;||20px||false|false&#8221; global_colors_info=&#8221;{}&#8221;]<\/p>\n<h3>Certyfikaty<\/h3>\n<p>[\/et_pb_text][\/et_pb_column][\/et_pb_row][et_pb_row column_structure=&#8221;1_4,1_4,1_4,1_4&#8243; _builder_version=&#8221;4.17.0&#8243; _module_preset=&#8221;default&#8221; global_colors_info=&#8221;{}&#8221;][et_pb_column type=&#8221;1_4&#8243; _builder_version=&#8221;4.17.0&#8243; _module_preset=&#8221;default&#8221; global_colors_info=&#8221;{}&#8221;][et_pb_image src=&#8221;https:\/\/www.asglatex.com\/wp-content\/uploads\/2022\/10\/cert1.png&#8221; title_text=&#8221;cert1&#8243; align=&#8221;center&#8221; _builder_version=&#8221;4.27.0&#8243; _module_preset=&#8221;default&#8221; hover_enabled=&#8221;0&#8243; global_colors_info=&#8221;{}&#8221; url=&#8221;https:\/\/www.asglatex.com\/wp-content\/uploads\/2024\/09\/QB-12-24-Certificat-N\u00b0-10-24-V1-2023.pdf&#8221; sticky_enabled=&#8221;0&#8243;][\/et_pb_image][et_pb_text _builder_version=&#8221;4.27.0&#8243; _module_preset=&#8221;default&#8221; text_orientation=&#8221;center&#8221; hover_enabled=&#8221;0&#8243; global_colors_info=&#8221;{}&#8221; link_option_url=&#8221;https:\/\/www.asglatex.com\/wp-content\/uploads\/2024\/09\/QB-12-24-Certificat-N\u00b0-10-24-V1-2023.pdf&#8221; sticky_enabled=&#8221;0&#8243;]<\/p>\n<h4>CSTB<\/h4>\n<p>Francuski instytut naukowy i techniczny techniki budowlanej ma prawo sprawdzi\u0107, czy przepisy europejskiej aprobaty technicznej s\u0105 spe\u0142nione.<\/p>\n<p>[\/et_pb_text][\/et_pb_column][et_pb_column type=&#8221;1_4&#8243; _builder_version=&#8221;4.17.0&#8243; _module_preset=&#8221;default&#8221; global_colors_info=&#8221;{}&#8221;][et_pb_image src=&#8221;https:\/\/www.asglatex.com\/wp-content\/uploads\/2022\/10\/cert2.png&#8221; title_text=&#8221;cert2&#8243; align=&#8221;center&#8221; _builder_version=&#8221;4.17.0&#8243; _module_preset=&#8221;default&#8221; global_colors_info=&#8221;{}&#8221;][\/et_pb_image][et_pb_text _builder_version=&#8221;4.17.0&#8243; _module_preset=&#8221;default&#8221; text_orientation=&#8221;center&#8221; global_colors_info=&#8221;{}&#8221;]<\/p>\n<h4>ETAG<\/h4>\n<p>Europejska Grupa ds. Oceny Technologii (ETAG) to sie\u0107 wsp\u00f3\u0142pracy instytut\u00f3w badawczych, prowadz\u0105ca badania terenowe w dziedzinie oceny technologii dla Parlamentu Europejskiego.<\/p>\n<p>[\/et_pb_text][\/et_pb_column][et_pb_column type=&#8221;1_4&#8243; _builder_version=&#8221;4.17.0&#8243; _module_preset=&#8221;default&#8221; global_colors_info=&#8221;{}&#8221;][et_pb_image src=&#8221;https:\/\/www.asglatex.com\/wp-content\/uploads\/2022\/08\/image-30.png&#8221; title_text=&#8221;image 30&#8243; align=&#8221;center&#8221; _builder_version=&#8221;4.27.0&#8243; _module_preset=&#8221;default&#8221; hover_enabled=&#8221;0&#8243; global_colors_info=&#8221;{}&#8221; url=&#8221;https:\/\/www.asglatex.com\/wp-content\/uploads\/2024\/09\/Zertifikat-ISO-9001-2024-PL.pdf&#8221; sticky_enabled=&#8221;0&#8243;][\/et_pb_image][et_pb_text _builder_version=&#8221;4.27.0&#8243; _module_preset=&#8221;default&#8221; text_orientation=&#8221;center&#8221; hover_enabled=&#8221;0&#8243; global_colors_info=&#8221;{}&#8221; link_option_url=&#8221;https:\/\/www.asglatex.com\/wp-content\/uploads\/2024\/09\/Zertifikat-ISO-9001-2024-PL.pdf&#8221; sticky_enabled=&#8221;0&#8243;]<\/p>\n<h4>ISO<\/h4>\n<p>EN ISO 9001 okre\u015bla minimalne wymagania dotycz\u0105ce systemu zarz\u0105dzania jako\u015bci\u0105, kt\u00f3re organizacja musi spe\u0142ni\u0107, aby zapewni\u0107 produkty i us\u0142ugi zgodne z oczekiwaniami klient\u00f3w i wymaganiami regulacyjnymi.<\/p>\n<p>[\/et_pb_text][\/et_pb_column][et_pb_column type=&#8221;1_4&#8243; _builder_version=&#8221;4.17.0&#8243; _module_preset=&#8221;default&#8221; global_colors_info=&#8221;{}&#8221;][et_pb_image src=&#8221;https:\/\/www.asglatex.com\/wp-content\/uploads\/2022\/10\/cert4.png&#8221; title_text=&#8221;cert4&#8243; align=&#8221;center&#8221; _builder_version=&#8221;4.17.0&#8243; _module_preset=&#8221;default&#8221; global_colors_info=&#8221;{}&#8221;][\/et_pb_image][et_pb_text _builder_version=&#8221;4.17.0&#8243; _module_preset=&#8221;default&#8221; text_orientation=&#8221;center&#8221; global_colors_info=&#8221;{}&#8221;]<\/p>\n<h4>WIEN ZERT<\/h4>\n<p>Aby m\u00f3c dostarcza\u0107 i instalowa\u0107 produkty budowlane w UE lub w Austrii, nale\u017cy udowodni\u0107 u\u017cyteczno\u015b\u0107. Konieczne jest rozr\u00f3\u017cnienie, czy produkt jest zharmonizowany, a specyfikacje techniczne s\u0105 obecne.<\/p>\n<p>[\/et_pb_text][\/et_pb_column][\/et_pb_row][\/et_pb_section]<\/p>\n","protected":false},"excerpt":{"rendered":"<p><div class=\"et_pb_module lwp_divi_breadcrumbs lwp_divi_breadcrumbs_0\">\n\t\t\t\t\n\t\t\t\t\n\t\t\t\t\n\t\t\t\t\n\t\t\t\t\n\t\t\t\t\n\t\t\t\t<div class=\"et_pb_module_inner\">\n\t\t\t\t\t<div class=\"lwp-breadcrumbs\"> <span class=\"before\"><\/span> <span vocab=\"https:\/\/schema.org\/\" typeof=\"BreadcrumbList\"><span property=\"itemListElement\" typeof=\"ListItem\"><a property=\"item\" typeof=\"WebPage\" href=\"https:\/\/www.asglatex.com\/pl\/\" class=\"home\"><span property=\"name\">Home<\/span><\/a><meta property=\"position\" content=\"1\"><\/span> <span class=\"separator et-pb-icon\">&amp;#x39;<\/span> <\/span><\/div>\n\t\t\t\t<\/div>\n\t\t\t<\/div>Produkcja i jako\u015b\u0107Przewi\u0144 w d\u00f3\u0142 Produkcja i jako\u015b\u0107Wszystko od jednego producentaW Asglatex wszystko odbywa si\u0119 w ramach jednej firmy pocz\u0105wszy od produkcji wa\u0142\u00f3w osnowowych w dziale snucia osn\u00f3w, poprzez tkalni\u0119, impregnacj\u0119 a\u017c po konfekcjonowanie.Dzi\u0119ki temu w du\u017cym stopniu jeste\u015bmy uniezale\u017cnieni np. od trudno\u015bci zaopatrzeniowych, mo\u017cemy szybko reagowa\u0107 na zam\u00f3wienia [&hellip;]<\/p>\n","protected":false},"author":1,"featured_media":0,"parent":0,"menu_order":0,"comment_status":"closed","ping_status":"closed","template":"","meta":{"_et_pb_use_builder":"on","_et_pb_old_content":"","_et_gb_content_width":"","footnotes":""},"class_list":["post-234","page","type-page","status-publish","hentry"],"_links":{"self":[{"href":"https:\/\/www.asglatex.com\/pl\/wp-json\/wp\/v2\/pages\/234","targetHints":{"allow":["GET"]}}],"collection":[{"href":"https:\/\/www.asglatex.com\/pl\/wp-json\/wp\/v2\/pages"}],"about":[{"href":"https:\/\/www.asglatex.com\/pl\/wp-json\/wp\/v2\/types\/page"}],"author":[{"embeddable":true,"href":"https:\/\/www.asglatex.com\/pl\/wp-json\/wp\/v2\/users\/1"}],"replies":[{"embeddable":true,"href":"https:\/\/www.asglatex.com\/pl\/wp-json\/wp\/v2\/comments?post=234"}],"version-history":[{"count":1,"href":"https:\/\/www.asglatex.com\/pl\/wp-json\/wp\/v2\/pages\/234\/revisions"}],"predecessor-version":[{"id":2221,"href":"https:\/\/www.asglatex.com\/pl\/wp-json\/wp\/v2\/pages\/234\/revisions\/2221"}],"wp:attachment":[{"href":"https:\/\/www.asglatex.com\/pl\/wp-json\/wp\/v2\/media?parent=234"}],"curies":[{"name":"wp","href":"https:\/\/api.w.org\/{rel}","templated":true}]}}