{"id":328,"date":"2021-12-16T09:49:24","date_gmt":"2021-12-16T08:49:24","guid":{"rendered":"https:\/\/www.asglatex.com\/?page_id=328"},"modified":"2022-11-23T10:32:34","modified_gmt":"2022-11-23T09:32:34","slug":"produkty","status":"publish","type":"page","link":"https:\/\/www.asglatex.com\/pl\/produkty\/","title":{"rendered":"Produkty"},"content":{"rendered":"<p>[et_pb_section fb_built=&#8221;1&#8243; admin_label=&#8221;Section&#8221; module_id=&#8221;hero-supage-section&#8221; _builder_version=&#8221;4.17.0&#8243; _module_preset=&#8221;default&#8221; custom_margin=&#8221;0px|30px|0px|30px|false|false&#8221; custom_padding=&#8221;0px||0px||false|false&#8221; da_popup_slug=&#8221;hero-supage-section&#8221; da_disable_devices=&#8221;off|off|off&#8221; global_colors_info=&#8221;{}&#8221; da_is_popup=&#8221;off&#8221; da_exit_intent=&#8221;off&#8221; da_has_close=&#8221;on&#8221; da_alt_close=&#8221;off&#8221; da_dark_close=&#8221;off&#8221; da_not_modal=&#8221;on&#8221; da_is_singular=&#8221;off&#8221; da_with_loader=&#8221;off&#8221; da_has_shadow=&#8221;on&#8221;][et_pb_row use_custom_gutter=&#8221;on&#8221; gutter_width=&#8221;1&#8243; module_class=&#8221;row-circle-holder row-circle-holder-page &#8221; _builder_version=&#8221;4.17.0&#8243; _module_preset=&#8221;default&#8221; background_image=&#8221;https:\/\/www.asglatex.com\/wp-content\/uploads\/2022\/08\/home-slider.jpg&#8221; parallax=&#8221;on&#8221; background_enable_video_mp4=&#8221;off&#8221; width=&#8221;auto&#8221; module_alignment=&#8221;center&#8221; custom_margin=&#8221;0px||0px||false|false&#8221; custom_padding=&#8221;180px||60px||false|false&#8221; global_colors_info=&#8221;{}&#8221;][et_pb_column type=&#8221;4_4&#8243; module_class=&#8221;space-column space-column-slider&#8221; _builder_version=&#8221;4.17.0&#8243; _module_preset=&#8221;default&#8221; custom_padding=&#8221;||||false|false&#8221; pac_dcm_carousel_specific_module_num=&#8221;0&#8243; global_colors_info=&#8221;{}&#8221;][lwp_divi_breadcrumbs link_color=&#8221;#FFFFFF&#8221; separator_color=&#8221;#FFFFFF&#8221; current_text_color=&#8221;#d3d3d3&#8243; _builder_version=&#8221;4.16&#8243; _module_preset=&#8221;default&#8221; global_colors_info=&#8221;{}&#8221;][\/lwp_divi_breadcrumbs][et_pb_text _builder_version=&#8221;4.17.0&#8243; _module_preset=&#8221;default&#8221; header_text_color=&#8221;#FFFFFF&#8221; header_font_size=&#8221;60px&#8221; custom_margin=&#8221;10px||||false|false&#8221; global_colors_info=&#8221;{}&#8221;]<\/p>\n<h1>Produkty<\/h1>\n<p>[\/et_pb_text][et_pb_text module_class=&#8221;scroll-down-arrows&#8221; _builder_version=&#8221;4.17.0&#8243; _module_preset=&#8221;default&#8221; text_text_color=&#8221;#FFFFFF&#8221; text_font_size=&#8221;15px&#8221; width=&#8221;250px&#8221; custom_padding=&#8221;0px||0px||false|false&#8221; border_width_top=&#8221;1px&#8221; border_color_top=&#8221;#FFFFFF&#8221; border_width_bottom=&#8221;1px&#8221; border_color_bottom=&#8221;#FFFFFF&#8221; global_module=&#8221;476&#8243; global_colors_info=&#8221;{}&#8221;]<\/p>\n<p><a href=\"#main-content-start\">Przewi\u0144 w d\u00f3\u0142<\/a><\/p>\n<p>[\/et_pb_text][\/et_pb_column][\/et_pb_row][\/et_pb_section][et_pb_section fb_built=&#8221;1&#8243; admin_label=&#8221;Section&#8221; module_id=&#8221;main-content-start&#8221; _builder_version=&#8221;4.16&#8243; _module_preset=&#8221;default&#8221; background_color=&#8221;RGBA(255,255,255,0)&#8221; background_enable_image=&#8221;off&#8221; background_size=&#8221;initial&#8221; custom_padding=&#8221;130px||||false|false&#8221; da_popup_slug=&#8221;main-content-start&#8221; da_disable_devices=&#8221;off|off|off&#8221; global_colors_info=&#8221;{}&#8221; da_is_popup=&#8221;off&#8221; da_exit_intent=&#8221;off&#8221; da_has_close=&#8221;on&#8221; da_alt_close=&#8221;off&#8221; da_dark_close=&#8221;off&#8221; da_not_modal=&#8221;on&#8221; da_is_singular=&#8221;off&#8221; da_with_loader=&#8221;off&#8221; da_has_shadow=&#8221;on&#8221;][et_pb_row _builder_version=&#8221;4.16&#8243; _module_preset=&#8221;default&#8221; width=&#8221;86%&#8221; max_width=&#8221;1300px&#8221; custom_margin=&#8221;0px|auto||auto|false|false&#8221; custom_padding=&#8221;0px||||false|false&#8221; animation_style=&#8221;slide&#8221; animation_direction=&#8221;bottom&#8221; animation_duration=&#8221;500ms&#8221; animation_speed_curve=&#8221;ease-in&#8221; global_colors_info=&#8221;{}&#8221;][et_pb_column type=&#8221;4_4&#8243; module_class=&#8221;space-column&#8221; _builder_version=&#8221;4.16&#8243; _module_preset=&#8221;default&#8221; pac_dcm_carousel_specific_module_num=&#8221;0&#8243; global_colors_info=&#8221;{}&#8221;][et_pb_text module_class=&#8221;h-bold sub-head&#8221; _builder_version=&#8221;4.17.0&#8243; _module_preset=&#8221;default&#8221; header_2_font=&#8221;|||on|||||&#8221; header_2_font_size=&#8221;15px&#8221; custom_margin=&#8221;0px||25px||false|false&#8221; custom_padding=&#8221;0px||0px||false|false&#8221; global_colors_info=&#8221;{}&#8221;]<\/p>\n<h2>Przegl\u0105d produkt\u00f3w<\/h2>\n<p>[\/et_pb_text][et_pb_text module_class=&#8221;responsive-head&#8221; _builder_version=&#8221;4.17.0&#8243; _module_preset=&#8221;default&#8221; header_3_font_size=&#8221;60px&#8221; header_3_line_height=&#8221;70px&#8221; global_colors_info=&#8221;{}&#8221;]<\/p>\n<h3>Naszym g\u0142\u00f3wnym produktem pochodz\u0105cym z w\u0142asnej produkcji s\u0105 siatki zbroj\u0105ce.<\/h3>\n<p>[\/et_pb_text][et_pb_text _builder_version=&#8221;4.17.0&#8243; _module_preset=&#8221;default&#8221; text_font_size=&#8221;17px&#8221; text_line_height=&#8221;30px&#8221; global_colors_info=&#8221;{}&#8221;]Dzi\u0105ki wieloletniemu do\u015bwiadczeniu, zastosowaniu wysokiej jakosci materia\u0142\u00f3w, dobrze wykszta\u0142conym pracownikom oraz sprawdzonym procesom technologicznym mo\u017cemy zapewni\u0107 naszym klientom wysok\u0105 jako\u015b\u0107 &#8222;Made in Germany&#8221;. Produkowane w naszym zak\u0142adzie tkaniny wyr\u00f3\u017cniaj\u0105 si\u0119 m.in. wysok\u0105 wytrzyma\u0142o\u015bci\u0105 na rozci\u0105ganie oraz odporno\u015bci\u0105 na dzia\u0142anie alkali\u00f3w, dzi\u0119ki czemu sprostaj\u0105 wielorakim wymaganiom przy ich zastosowaniu w systemach elewacyjnych. Oczywi\u015bcie tkaniny s\u0105 dost\u0119pne w r\u00f3\u017cnych kolorach, a w razie potrzeby mog\u0105 mie\u0107 takze dowolny nadruk wyr\u00f3\u017cniajacy danego klienta.[\/et_pb_text][\/et_pb_column][\/et_pb_row][et_pb_row column_structure=&#8221;1_3,1_3,1_3&#8243; _builder_version=&#8221;4.17.0&#8243; _module_preset=&#8221;default&#8221; width=&#8221;86%&#8221; max_width=&#8221;1300px&#8221; global_colors_info=&#8221;{}&#8221;][et_pb_column type=&#8221;1_3&#8243; _builder_version=&#8221;4.17.0&#8243; _module_preset=&#8221;default&#8221; pac_dcm_carousel_specific_module_num=&#8221;0&#8243; global_colors_info=&#8221;{}&#8221;][et_pb_blurb title=&#8221;Siatki&#8221; _builder_version=&#8221;4.17.0&#8243; _dynamic_attributes=&#8221;link_option_url&#8221; _module_preset=&#8221;default&#8221; header_level=&#8221;h3&#8243; header_text_align=&#8221;center&#8221; header_text_color=&#8221;#FFFFFF&#8221; header_font_size=&#8221;56px&#8221; header_line_height=&#8221;1.4em&#8221; body_font_size=&#8221;26px&#8221; background_image=&#8221;https:\/\/www.asglatex.com\/wp-content\/uploads\/2022\/08\/home-1.jpg&#8221; text_orientation=&#8221;center&#8221; background_layout=&#8221;dark&#8221; custom_padding=&#8221;120px|25px|120px|25px|false|false&#8221; link_option_url=&#8221;@ET-DC@eyJkeW5hbWljIjp0cnVlLCJjb250ZW50IjoicG9zdF9saW5rX3VybF9wYWdlIiwic2V0dGluZ3MiOnsicG9zdF9pZCI6IjEyNDgifX0=@&#8221; hover_enabled=&#8221;0&#8243; global_colors_info=&#8221;{}&#8221; sticky_enabled=&#8221;0&#8243;]<\/p>\n<p>Siatka do system\u00f3w<br \/>docieple\u0144<\/p>\n<p>[\/et_pb_blurb][\/et_pb_column][et_pb_column type=&#8221;1_3&#8243; _builder_version=&#8221;4.17.0&#8243; _module_preset=&#8221;default&#8221; pac_dcm_carousel_specific_module_num=&#8221;0&#8243; global_colors_info=&#8221;{}&#8221;][et_pb_blurb title=&#8221;Akcesoria&#8221; _builder_version=&#8221;4.17.0&#8243; _dynamic_attributes=&#8221;link_option_url&#8221; _module_preset=&#8221;default&#8221; header_level=&#8221;h3&#8243; header_text_align=&#8221;center&#8221; header_text_color=&#8221;#FFFFFF&#8221; header_font_size=&#8221;56px&#8221; header_line_height=&#8221;1.4em&#8221; body_font_size=&#8221;26px&#8221; background_image=&#8221;https:\/\/www.asglatex.com\/wp-content\/uploads\/2022\/08\/home-2.jpg&#8221; text_orientation=&#8221;center&#8221; background_layout=&#8221;dark&#8221; custom_padding=&#8221;120px|25px|120px|25px|false|false&#8221; link_option_url=&#8221;@ET-DC@eyJkeW5hbWljIjp0cnVlLCJjb250ZW50IjoicG9zdF9saW5rX3VybF9wYWdlIiwic2V0dGluZ3MiOnsicG9zdF9pZCI6IjEyNTkifX0=@&#8221; hover_enabled=&#8221;0&#8243; global_colors_info=&#8221;{}&#8221; sticky_enabled=&#8221;0&#8243;]<\/p>\n<p>Listwy podtynkowe, Naro\u017cniki, Profile coko\u0142owe<\/p>\n<p>[\/et_pb_blurb][\/et_pb_column][et_pb_column type=&#8221;1_3&#8243; _builder_version=&#8221;4.17.0&#8243; _module_preset=&#8221;default&#8221; pac_dcm_carousel_specific_module_num=&#8221;0&#8243; global_colors_info=&#8221;{}&#8221;][et_pb_blurb title=&#8221;Tkaniny&#8221; _builder_version=&#8221;4.17.0&#8243; _dynamic_attributes=&#8221;link_option_url&#8221; _module_preset=&#8221;default&#8221; header_level=&#8221;h3&#8243; header_text_align=&#8221;center&#8221; header_text_color=&#8221;#FFFFFF&#8221; header_font_size=&#8221;56px&#8221; header_line_height=&#8221;1.4em&#8221; body_font_size=&#8221;26px&#8221; background_image=&#8221;https:\/\/www.asglatex.com\/wp-content\/uploads\/2022\/08\/home-3.jpg&#8221; text_orientation=&#8221;center&#8221; background_layout=&#8221;dark&#8221; custom_padding=&#8221;120px|25px|120px|25px|false|false&#8221; link_option_url=&#8221;@ET-DC@eyJkeW5hbWljIjp0cnVlLCJjb250ZW50IjoicG9zdF9saW5rX3VybF9wYWdlIiwic2V0dGluZ3MiOnsicG9zdF9pZCI6IjEyODAifX0=@&#8221; hover_enabled=&#8221;0&#8243; global_colors_info=&#8221;{}&#8221; sticky_enabled=&#8221;0&#8243;]<\/p>\n<p>Tkaniny zbrojone i chroni\u0105ce przed wysok\u0105 temperatur\u0105<\/p>\n<p>[\/et_pb_blurb][\/et_pb_column][\/et_pb_row][\/et_pb_section]<\/p>\n","protected":false},"excerpt":{"rendered":"<p><div class=\"et_pb_module lwp_divi_breadcrumbs lwp_divi_breadcrumbs_0\">\n\t\t\t\t\n\t\t\t\t\n\t\t\t\t\n\t\t\t\t\n\t\t\t\t\n\t\t\t\t\n\t\t\t\t<div class=\"et_pb_module_inner\">\n\t\t\t\t\t<div class=\"lwp-breadcrumbs\"> <span class=\"before\"><\/span> <span vocab=\"https:\/\/schema.org\/\" typeof=\"BreadcrumbList\"><span property=\"itemListElement\" typeof=\"ListItem\"><a property=\"item\" typeof=\"WebPage\" href=\"https:\/\/www.asglatex.com\/pl\/\" class=\"home\"><span property=\"name\">Home<\/span><\/a><meta property=\"position\" content=\"1\"><\/span> <span class=\"separator et-pb-icon\">&amp;#x39;<\/span> <\/span><\/div>\n\t\t\t\t<\/div>\n\t\t\t<\/div>ProduktyPrzewi\u0144 w d\u00f3\u0142 Przegl\u0105d produkt\u00f3wNaszym g\u0142\u00f3wnym produktem pochodz\u0105cym z w\u0142asnej produkcji s\u0105 siatki zbroj\u0105ce.Dzi\u0105ki wieloletniemu do\u015bwiadczeniu, zastosowaniu wysokiej jakosci materia\u0142\u00f3w, dobrze wykszta\u0142conym pracownikom oraz sprawdzonym procesom technologicznym mo\u017cemy zapewni\u0107 naszym klientom wysok\u0105 jako\u015b\u0107 &#8222;Made in Germany&#8221;. Produkowane w naszym zak\u0142adzie tkaniny wyr\u00f3\u017cniaj\u0105 si\u0119 m.in. wysok\u0105 wytrzyma\u0142o\u015bci\u0105 na rozci\u0105ganie oraz [&hellip;]<\/p>\n","protected":false},"author":1,"featured_media":0,"parent":0,"menu_order":0,"comment_status":"closed","ping_status":"closed","template":"","meta":{"_et_pb_use_builder":"on","_et_pb_old_content":"","_et_gb_content_width":"","footnotes":""},"class_list":["post-328","page","type-page","status-publish","hentry"],"_links":{"self":[{"href":"https:\/\/www.asglatex.com\/pl\/wp-json\/wp\/v2\/pages\/328","targetHints":{"allow":["GET"]}}],"collection":[{"href":"https:\/\/www.asglatex.com\/pl\/wp-json\/wp\/v2\/pages"}],"about":[{"href":"https:\/\/www.asglatex.com\/pl\/wp-json\/wp\/v2\/types\/page"}],"author":[{"embeddable":true,"href":"https:\/\/www.asglatex.com\/pl\/wp-json\/wp\/v2\/users\/1"}],"replies":[{"embeddable":true,"href":"https:\/\/www.asglatex.com\/pl\/wp-json\/wp\/v2\/comments?post=328"}],"version-history":[{"count":0,"href":"https:\/\/www.asglatex.com\/pl\/wp-json\/wp\/v2\/pages\/328\/revisions"}],"wp:attachment":[{"href":"https:\/\/www.asglatex.com\/pl\/wp-json\/wp\/v2\/media?parent=328"}],"curies":[{"name":"wp","href":"https:\/\/api.w.org\/{rel}","templated":true}]}}